{"id":2137,"date":"2025-12-11T16:18:37","date_gmt":"2025-12-11T16:18:37","guid":{"rendered":"https:\/\/orbytune.com\/?page_id=2137"},"modified":"2025-12-31T05:15:16","modified_gmt":"2025-12-31T05:15:16","slug":"por-que-orbytune","status":"publish","type":"page","link":"https:\/\/orbytune.com\/en\/por-que-orbytune\/","title":{"rendered":"Why Orbytune"},"content":{"rendered":"<div data-elementor-type=\"wp-page\" data-elementor-id=\"2137\" class=\"elementor elementor-2137\" data-elementor-post-type=\"page\">\n\t\t\t\t<div class=\"elementor-element elementor-element-691506c e-flex e-con-boxed e-con e-parent\" data-id=\"691506c\" data-element_type=\"container\" data-e-type=\"container\">\n\t\t\t\t\t<div class=\"e-con-inner\">\n\t\t<div class=\"elementor-element elementor-element-b27d759 e-con-full e-flex e-con e-child\" data-id=\"b27d759\" data-element_type=\"container\" data-e-type=\"container\">\n\t\t\t\t<div class=\"elementor-element elementor-element-70b6032 elementor-invisible elementor-widget elementor-widget-heading\" data-id=\"70b6032\" data-element_type=\"widget\" data-e-type=\"widget\" data-settings=\"{&quot;_animation&quot;:&quot;fadeInUp&quot;}\" data-widget_type=\"heading.default\">\n\t\t\t\t\t<h2 class=\"elementor-heading-title elementor-size-default\">The platform that the modern artist should have been from day one<\/h2>\t\t\t\t<\/div>\n\t\t\t\t<div class=\"elementor-element elementor-element-5ffe57a elementor-invisible elementor-widget elementor-widget-text-editor\" data-id=\"5ffe57a\" data-element_type=\"widget\" data-e-type=\"widget\" data-settings=\"{&quot;_animation&quot;:&quot;fadeInUp&quot;}\" data-widget_type=\"text-editor.default\">\n\t\t\t\t\t\t\t\t\t<p class=\"orby-why-lead\">Orbytune existe para empujar el est\u00e1ndar hacia arriba: m\u00e1s claridad, m\u00e1s control y m\u00e1s alcance. Sin procesos viejos, sin letras chiquitas.<\/p>\t\t\t\t\t\t\t\t<\/div>\n\t\t\t\t<div class=\"elementor-element elementor-element-b976fb6 elementor-icon-list--layout-traditional elementor-list-item-link-full_width elementor-widget elementor-widget-icon-list\" data-id=\"b976fb6\" data-element_type=\"widget\" data-e-type=\"widget\" data-widget_type=\"icon-list.default\">\n\t\t\t\t\t\t\t<ul class=\"elementor-icon-list-items\">\n\t\t\t\t\t\t\t<li class=\"elementor-icon-list-item\">\n\t\t\t\t\t\t\t\t\t\t\t<span class=\"elementor-icon-list-icon\">\n\t\t\t\t\t\t\t<svg xmlns=\"http:\/\/www.w3.org\/2000\/svg\" xmlns:xlink=\"http:\/\/www.w3.org\/1999\/xlink\" width=\"512\" height=\"512\" x=\"0\" y=\"0\" viewbox=\"0 0 489.544 489.544\" style=\"enable-background:new 0 0 512 512\" xml:space=\"preserve\" class=\"\">  <g>    <path d=\"M138.943 205.941c-7-7.1-18.4-7.1-25.5-.1-7.1 7-7.1 18.4-.1 25.5l85.4 86c3.4 3.4 7.9 5.3 12.7 5.3h.1c4.8 0 9.3-1.9 12.7-5.2l260-258.6c7-7 7.1-18.4.1-25.5s-18.4-7.1-25.5-.1l-91.9 91.3c-39.1-48.1-97.9-76.3-160.4-76.3-29.2 0-57.4 6-83.8 17.7-25.5 11.4-48.2 27.5-67.3 48.1-19.1 20.5-33.6 44.2-43.1 70.4-9.9 27.3-13.9 56-11.8 85.4 7.1 101.7 89.2 183.9 190.9 191.2 5 .4 10.1.5 15.1.5 47.3 0 93-16 129.8-45.8 40.2-32.4 66.6-78.3 74.5-129.1 1.6-10.4 2.4-21.1 2.4-31.8 0-9.9-8.1-18-18-18s-18 8.1-18 18c0 8.8-.7 17.6-2 26.3-13.4 87-93 150.2-181.2 143.9-83.9-6-151.7-73.8-157.6-157.8-3.4-48 12.7-93.7 45.3-128.7 32.2-34.5 77.7-54.3 124.8-54.3 52.8 0 102.4 24.5 134.7 65.9l-129.6 129-72.7-73.2z\" fill=\"#fa0201\" opacity=\"1\" data-original=\"#000000\"><\/path>  <\/g><\/svg>\t\t\t\t\t\t<\/span>\n\t\t\t\t\t\t\t\t\t\t<span class=\"elementor-icon-list-text\">Because artists deserve a platform do not limit your growth.<\/span>\n\t\t\t\t\t\t\t\t\t<\/li>\n\t\t\t\t\t\t\t\t<li class=\"elementor-icon-list-item\">\n\t\t\t\t\t\t\t\t\t\t\t<span class=\"elementor-icon-list-icon\">\n\t\t\t\t\t\t\t<svg xmlns=\"http:\/\/www.w3.org\/2000\/svg\" xmlns:xlink=\"http:\/\/www.w3.org\/1999\/xlink\" width=\"512\" height=\"512\" x=\"0\" y=\"0\" viewbox=\"0 0 489.544 489.544\" style=\"enable-background:new 0 0 512 512\" xml:space=\"preserve\" class=\"\">  <g>    <path d=\"M138.943 205.941c-7-7.1-18.4-7.1-25.5-.1-7.1 7-7.1 18.4-.1 25.5l85.4 86c3.4 3.4 7.9 5.3 12.7 5.3h.1c4.8 0 9.3-1.9 12.7-5.2l260-258.6c7-7 7.1-18.4.1-25.5s-18.4-7.1-25.5-.1l-91.9 91.3c-39.1-48.1-97.9-76.3-160.4-76.3-29.2 0-57.4 6-83.8 17.7-25.5 11.4-48.2 27.5-67.3 48.1-19.1 20.5-33.6 44.2-43.1 70.4-9.9 27.3-13.9 56-11.8 85.4 7.1 101.7 89.2 183.9 190.9 191.2 5 .4 10.1.5 15.1.5 47.3 0 93-16 129.8-45.8 40.2-32.4 66.6-78.3 74.5-129.1 1.6-10.4 2.4-21.1 2.4-31.8 0-9.9-8.1-18-18-18s-18 8.1-18 18c0 8.8-.7 17.6-2 26.3-13.4 87-93 150.2-181.2 143.9-83.9-6-151.7-73.8-157.6-157.8-3.4-48 12.7-93.7 45.3-128.7 32.2-34.5 77.7-54.3 124.8-54.3 52.8 0 102.4 24.5 134.7 65.9l-129.6 129-72.7-73.2z\" fill=\"#fa0201\" opacity=\"1\" data-original=\"#000000\"><\/path>  <\/g><\/svg>\t\t\t\t\t\t<\/span>\n\t\t\t\t\t\t\t\t\t\t<span class=\"elementor-icon-list-text\">Because transparency is mandatory, not optional.<\/span>\n\t\t\t\t\t\t\t\t\t<\/li>\n\t\t\t\t\t\t\t\t<li class=\"elementor-icon-list-item\">\n\t\t\t\t\t\t\t\t\t\t\t<span class=\"elementor-icon-list-icon\">\n\t\t\t\t\t\t\t<svg xmlns=\"http:\/\/www.w3.org\/2000\/svg\" xmlns:xlink=\"http:\/\/www.w3.org\/1999\/xlink\" width=\"512\" height=\"512\" x=\"0\" y=\"0\" viewbox=\"0 0 489.544 489.544\" style=\"enable-background:new 0 0 512 512\" xml:space=\"preserve\" class=\"\">  <g>    <path d=\"M138.943 205.941c-7-7.1-18.4-7.1-25.5-.1-7.1 7-7.1 18.4-.1 25.5l85.4 86c3.4 3.4 7.9 5.3 12.7 5.3h.1c4.8 0 9.3-1.9 12.7-5.2l260-258.6c7-7 7.1-18.4.1-25.5s-18.4-7.1-25.5-.1l-91.9 91.3c-39.1-48.1-97.9-76.3-160.4-76.3-29.2 0-57.4 6-83.8 17.7-25.5 11.4-48.2 27.5-67.3 48.1-19.1 20.5-33.6 44.2-43.1 70.4-9.9 27.3-13.9 56-11.8 85.4 7.1 101.7 89.2 183.9 190.9 191.2 5 .4 10.1.5 15.1.5 47.3 0 93-16 129.8-45.8 40.2-32.4 66.6-78.3 74.5-129.1 1.6-10.4 2.4-21.1 2.4-31.8 0-9.9-8.1-18-18-18s-18 8.1-18 18c0 8.8-.7 17.6-2 26.3-13.4 87-93 150.2-181.2 143.9-83.9-6-151.7-73.8-157.6-157.8-3.4-48 12.7-93.7 45.3-128.7 32.2-34.5 77.7-54.3 124.8-54.3 52.8 0 102.4 24.5 134.7 65.9l-129.6 129-72.7-73.2z\" fill=\"#fa0201\" opacity=\"1\" data-original=\"#000000\"><\/path>  <\/g><\/svg>\t\t\t\t\t\t<\/span>\n\t\t\t\t\t\t\t\t\t\t<span class=\"elementor-icon-list-text\">Because the creators deserve modern tools and support that understands culture, street, globalization and vision.<\/span>\n\t\t\t\t\t\t\t\t\t<\/li>\n\t\t\t\t\t\t\t\t<li class=\"elementor-icon-list-item\">\n\t\t\t\t\t\t\t\t\t\t\t<span class=\"elementor-icon-list-icon\">\n\t\t\t\t\t\t\t<svg xmlns=\"http:\/\/www.w3.org\/2000\/svg\" xmlns:xlink=\"http:\/\/www.w3.org\/1999\/xlink\" width=\"512\" height=\"512\" x=\"0\" y=\"0\" viewbox=\"0 0 489.544 489.544\" style=\"enable-background:new 0 0 512 512\" xml:space=\"preserve\" class=\"\">  <g>    <path d=\"M138.943 205.941c-7-7.1-18.4-7.1-25.5-.1-7.1 7-7.1 18.4-.1 25.5l85.4 86c3.4 3.4 7.9 5.3 12.7 5.3h.1c4.8 0 9.3-1.9 12.7-5.2l260-258.6c7-7 7.1-18.4.1-25.5s-18.4-7.1-25.5-.1l-91.9 91.3c-39.1-48.1-97.9-76.3-160.4-76.3-29.2 0-57.4 6-83.8 17.7-25.5 11.4-48.2 27.5-67.3 48.1-19.1 20.5-33.6 44.2-43.1 70.4-9.9 27.3-13.9 56-11.8 85.4 7.1 101.7 89.2 183.9 190.9 191.2 5 .4 10.1.5 15.1.5 47.3 0 93-16 129.8-45.8 40.2-32.4 66.6-78.3 74.5-129.1 1.6-10.4 2.4-21.1 2.4-31.8 0-9.9-8.1-18-18-18s-18 8.1-18 18c0 8.8-.7 17.6-2 26.3-13.4 87-93 150.2-181.2 143.9-83.9-6-151.7-73.8-157.6-157.8-3.4-48 12.7-93.7 45.3-128.7 32.2-34.5 77.7-54.3 124.8-54.3 52.8 0 102.4 24.5 134.7 65.9l-129.6 129-72.7-73.2z\" fill=\"#fa0201\" opacity=\"1\" data-original=\"#000000\"><\/path>  <\/g><\/svg>\t\t\t\t\t\t<\/span>\n\t\t\t\t\t\t\t\t\t\t<span class=\"elementor-icon-list-text\">Because the future of the music belongs to those who dare to think big.<\/span>\n\t\t\t\t\t\t\t\t\t<\/li>\n\t\t\t\t\t\t<\/ul>\n\t\t\t\t\t\t<\/div>\n\t\t<div class=\"elementor-element elementor-element-c2816ed e-con-full e-flex e-con e-child\" data-id=\"c2816ed\" data-element_type=\"container\" data-e-type=\"container\">\n\t\t\t\t<div class=\"elementor-element elementor-element-e8972c2 elementor-align-center elementor-mobile-align-justify elementor-widget-mobile__width-inherit elementor-widget elementor-widget-button\" data-id=\"e8972c2\" data-element_type=\"widget\" data-e-type=\"widget\" data-widget_type=\"button.default\">\n\t\t\t\t\t\t\t\t\t\t<a class=\"elementor-button elementor-button-link elementor-size-sm\" href=\"https:\/\/orbytune.com\/en\/precios\/\">\n\t\t\t\t\t\t<span class=\"elementor-button-content-wrapper\">\n\t\t\t\t\t\t\t\t\t<span class=\"elementor-button-text\">I want to distribute my music<\/span>\n\t\t\t\t\t<\/span>\n\t\t\t\t\t<\/a>\n\t\t\t\t\t\t\t\t<\/div>\n\t\t\t\t<div class=\"elementor-element elementor-element-1f3d386 elementor-align-center elementor-mobile-align-justify elementor-widget-mobile__width-inherit elementor-widget elementor-widget-button\" data-id=\"1f3d386\" data-element_type=\"widget\" data-e-type=\"widget\" data-widget_type=\"button.default\">\n\t\t\t\t\t\t\t\t\t\t<a class=\"elementor-button elementor-button-link elementor-size-sm\" href=\"https:\/\/orbytune.com\/en\/contacto\/\">\n\t\t\t\t\t\t<span class=\"elementor-button-content-wrapper\">\n\t\t\t\t\t\t\t\t\t<span class=\"elementor-button-text\">Contact Support<\/span>\n\t\t\t\t\t<\/span>\n\t\t\t\t\t<\/a>\n\t\t\t\t\t\t\t\t<\/div>\n\t\t\t\t<\/div>\n\t\t\t\t<\/div>\n\t\t<div class=\"elementor-element elementor-element-1e861f6 e-con-full e-flex e-con e-child\" data-id=\"1e861f6\" data-element_type=\"container\" data-e-type=\"container\">\n\t\t\t\t<div class=\"elementor-element elementor-element-a62ad1d elementor-widget elementor-widget-image\" data-id=\"a62ad1d\" data-element_type=\"widget\" data-e-type=\"widget\" data-widget_type=\"image.default\">\n\t\t\t\t\t\t\t\t\t\t\t\t\t\t\t<img fetchpriority=\"high\" decoding=\"async\" width=\"768\" height=\"768\" src=\"https:\/\/orbytune.com\/wp-content\/uploads\/2025\/12\/mujer-escuchando-musica-768x768.webp\" class=\"attachment-medium_large size-medium_large wp-image-2740\" alt=\"\" srcset=\"https:\/\/orbytune.com\/wp-content\/uploads\/2025\/12\/mujer-escuchando-musica-768x768.webp 768w, https:\/\/orbytune.com\/wp-content\/uploads\/2025\/12\/mujer-escuchando-musica-300x300.webp 300w, https:\/\/orbytune.com\/wp-content\/uploads\/2025\/12\/mujer-escuchando-musica-1024x1024.webp 1024w, https:\/\/orbytune.com\/wp-content\/uploads\/2025\/12\/mujer-escuchando-musica-150x150.webp 150w, https:\/\/orbytune.com\/wp-content\/uploads\/2025\/12\/mujer-escuchando-musica-12x12.webp 12w, https:\/\/orbytune.com\/wp-content\/uploads\/2025\/12\/mujer-escuchando-musica.webp 1500w\" sizes=\"(max-width: 768px) 100vw, 768px\" \/>\t\t\t\t\t\t\t\t\t\t\t\t\t\t\t<\/div>\n\t\t\t\t<\/div>\n\t\t\t\t\t<\/div>\n\t\t\t\t<\/div>\n\t\t\t\t<\/div>","protected":false},"excerpt":{"rendered":"<p>La plataforma que el artista moderno debi\u00f3 tener desde el d\u00eda uno Orbytune existe para empujar el est\u00e1ndar hacia arriba: m\u00e1s claridad, m\u00e1s control y m\u00e1s alcance. Sin procesos viejos, sin letras chiquitas. Porque los artistas merecen una plataforma que no limite su crecimiento. Porque la transparencia es obligatoria, no opcional. Porque los creadores merecen [&hellip;]<\/p>\n","protected":false},"author":1,"featured_media":0,"parent":0,"menu_order":0,"comment_status":"closed","ping_status":"closed","template":"","meta":{"_acf_changed":false,"footnotes":""},"class_list":["post-2137","page","type-page","status-publish","hentry"],"blocksy_meta":[],"acf":[],"yoast_head":"<!-- This site is optimized with the Yoast SEO plugin v27.3 - https:\/\/yoast.com\/product\/yoast-seo-wordpress\/ -->\n<title>Por qu\u00e9 Orbytune - Orbytune<\/title>\n<meta name=\"robots\" content=\"index, follow, max-snippet:-1, max-image-preview:large, max-video-preview:-1\" \/>\n<link rel=\"canonical\" href=\"https:\/\/orbytune.com\/en\/por-que-orbytune\/\" \/>\n<meta property=\"og:locale\" content=\"en_US\" \/>\n<meta property=\"og:type\" content=\"article\" \/>\n<meta property=\"og:title\" content=\"Por qu\u00e9 Orbytune - Orbytune\" \/>\n<meta property=\"og:description\" content=\"La plataforma que el artista moderno debi\u00f3 tener desde el d\u00eda uno Orbytune existe para empujar el est\u00e1ndar hacia arriba: m\u00e1s claridad, m\u00e1s control y m\u00e1s alcance. Sin procesos viejos, sin letras chiquitas. Porque los artistas merecen una plataforma que no limite su crecimiento. Porque la transparencia es obligatoria, no opcional. Porque los creadores merecen [&hellip;]\" \/>\n<meta property=\"og:url\" content=\"https:\/\/orbytune.com\/en\/por-que-orbytune\/\" \/>\n<meta property=\"og:site_name\" content=\"Orbytune\" \/>\n<meta property=\"article:modified_time\" content=\"2025-12-31T05:15:16+00:00\" \/>\n<meta property=\"og:image\" content=\"https:\/\/orbytune.com\/wp-content\/uploads\/2025\/12\/mujer-escuchando-musica-1024x1024.webp\" \/>\n\t<meta property=\"og:image:width\" content=\"1024\" \/>\n\t<meta property=\"og:image:height\" content=\"1024\" \/>\n\t<meta property=\"og:image:type\" content=\"image\/webp\" \/>\n<meta name=\"twitter:card\" content=\"summary_large_image\" \/>\n<meta name=\"twitter:label1\" content=\"Est. reading time\" \/>\n\t<meta name=\"twitter:data1\" content=\"2 minutes\" \/>\n<script type=\"application\/ld+json\" class=\"yoast-schema-graph\">{\"@context\":\"https:\\\/\\\/schema.org\",\"@graph\":[{\"@type\":\"WebPage\",\"@id\":\"https:\\\/\\\/orbytune.com\\\/por-que-orbytune\\\/\",\"url\":\"https:\\\/\\\/orbytune.com\\\/por-que-orbytune\\\/\",\"name\":\"Por qu\u00e9 Orbytune - Orbytune\",\"isPartOf\":{\"@id\":\"https:\\\/\\\/orbytune.com\\\/#website\"},\"primaryImageOfPage\":{\"@id\":\"https:\\\/\\\/orbytune.com\\\/por-que-orbytune\\\/#primaryimage\"},\"image\":{\"@id\":\"https:\\\/\\\/orbytune.com\\\/por-que-orbytune\\\/#primaryimage\"},\"thumbnailUrl\":\"https:\\\/\\\/orbytune.com\\\/wp-content\\\/uploads\\\/2025\\\/12\\\/mujer-escuchando-musica-768x768.webp\",\"datePublished\":\"2025-12-11T16:18:37+00:00\",\"dateModified\":\"2025-12-31T05:15:16+00:00\",\"breadcrumb\":{\"@id\":\"https:\\\/\\\/orbytune.com\\\/por-que-orbytune\\\/#breadcrumb\"},\"inLanguage\":\"en-US\",\"potentialAction\":[{\"@type\":\"ReadAction\",\"target\":[\"https:\\\/\\\/orbytune.com\\\/por-que-orbytune\\\/\"]}]},{\"@type\":\"ImageObject\",\"inLanguage\":\"en-US\",\"@id\":\"https:\\\/\\\/orbytune.com\\\/por-que-orbytune\\\/#primaryimage\",\"url\":\"https:\\\/\\\/orbytune.com\\\/wp-content\\\/uploads\\\/2025\\\/12\\\/mujer-escuchando-musica-768x768.webp\",\"contentUrl\":\"https:\\\/\\\/orbytune.com\\\/wp-content\\\/uploads\\\/2025\\\/12\\\/mujer-escuchando-musica-768x768.webp\"},{\"@type\":\"BreadcrumbList\",\"@id\":\"https:\\\/\\\/orbytune.com\\\/por-que-orbytune\\\/#breadcrumb\",\"itemListElement\":[{\"@type\":\"ListItem\",\"position\":1,\"name\":\"Portada\",\"item\":\"https:\\\/\\\/orbytune.com\\\/\"},{\"@type\":\"ListItem\",\"position\":2,\"name\":\"Por qu\u00e9 Orbytune\"}]},{\"@type\":\"WebSite\",\"@id\":\"https:\\\/\\\/orbytune.com\\\/#website\",\"url\":\"https:\\\/\\\/orbytune.com\\\/\",\"name\":\"Orbytune\",\"description\":\"\",\"publisher\":{\"@id\":\"https:\\\/\\\/orbytune.com\\\/#organization\"},\"potentialAction\":[{\"@type\":\"SearchAction\",\"target\":{\"@type\":\"EntryPoint\",\"urlTemplate\":\"https:\\\/\\\/orbytune.com\\\/?s={search_term_string}\"},\"query-input\":{\"@type\":\"PropertyValueSpecification\",\"valueRequired\":true,\"valueName\":\"search_term_string\"}}],\"inLanguage\":\"en-US\"},{\"@type\":\"Organization\",\"@id\":\"https:\\\/\\\/orbytune.com\\\/#organization\",\"name\":\"Orbytune\",\"url\":\"https:\\\/\\\/orbytune.com\\\/\",\"logo\":{\"@type\":\"ImageObject\",\"inLanguage\":\"en-US\",\"@id\":\"https:\\\/\\\/orbytune.com\\\/#\\\/schema\\\/logo\\\/image\\\/\",\"url\":\"https:\\\/\\\/orbytune.com\\\/wp-content\\\/uploads\\\/2025\\\/12\\\/Orbytune-PNG-Transparete-e1767019100536.png\",\"contentUrl\":\"https:\\\/\\\/orbytune.com\\\/wp-content\\\/uploads\\\/2025\\\/12\\\/Orbytune-PNG-Transparete-e1767019100536.png\",\"width\":1042,\"height\":210,\"caption\":\"Orbytune\"},\"image\":{\"@id\":\"https:\\\/\\\/orbytune.com\\\/#\\\/schema\\\/logo\\\/image\\\/\"}}]}<\/script>\n<!-- \/ Yoast SEO plugin. -->","yoast_head_json":{"title":"Por qu\u00e9 Orbytune - Orbytune","robots":{"index":"index","follow":"follow","max-snippet":"max-snippet:-1","max-image-preview":"max-image-preview:large","max-video-preview":"max-video-preview:-1"},"canonical":"https:\/\/orbytune.com\/en\/por-que-orbytune\/","og_locale":"en_US","og_type":"article","og_title":"Por qu\u00e9 Orbytune - Orbytune","og_description":"La plataforma que el artista moderno debi\u00f3 tener desde el d\u00eda uno Orbytune existe para empujar el est\u00e1ndar hacia arriba: m\u00e1s claridad, m\u00e1s control y m\u00e1s alcance. Sin procesos viejos, sin letras chiquitas. Porque los artistas merecen una plataforma que no limite su crecimiento. Porque la transparencia es obligatoria, no opcional. Porque los creadores merecen [&hellip;]","og_url":"https:\/\/orbytune.com\/en\/por-que-orbytune\/","og_site_name":"Orbytune","article_modified_time":"2025-12-31T05:15:16+00:00","og_image":[{"width":1024,"height":1024,"url":"https:\/\/orbytune.com\/wp-content\/uploads\/2025\/12\/mujer-escuchando-musica-1024x1024.webp","type":"image\/webp"}],"twitter_card":"summary_large_image","twitter_misc":{"Est. reading time":"2 minutes"},"schema":{"@context":"https:\/\/schema.org","@graph":[{"@type":"WebPage","@id":"https:\/\/orbytune.com\/por-que-orbytune\/","url":"https:\/\/orbytune.com\/por-que-orbytune\/","name":"Por qu\u00e9 Orbytune - Orbytune","isPartOf":{"@id":"https:\/\/orbytune.com\/#website"},"primaryImageOfPage":{"@id":"https:\/\/orbytune.com\/por-que-orbytune\/#primaryimage"},"image":{"@id":"https:\/\/orbytune.com\/por-que-orbytune\/#primaryimage"},"thumbnailUrl":"https:\/\/orbytune.com\/wp-content\/uploads\/2025\/12\/mujer-escuchando-musica-768x768.webp","datePublished":"2025-12-11T16:18:37+00:00","dateModified":"2025-12-31T05:15:16+00:00","breadcrumb":{"@id":"https:\/\/orbytune.com\/por-que-orbytune\/#breadcrumb"},"inLanguage":"en-US","potentialAction":[{"@type":"ReadAction","target":["https:\/\/orbytune.com\/por-que-orbytune\/"]}]},{"@type":"ImageObject","inLanguage":"en-US","@id":"https:\/\/orbytune.com\/por-que-orbytune\/#primaryimage","url":"https:\/\/orbytune.com\/wp-content\/uploads\/2025\/12\/mujer-escuchando-musica-768x768.webp","contentUrl":"https:\/\/orbytune.com\/wp-content\/uploads\/2025\/12\/mujer-escuchando-musica-768x768.webp"},{"@type":"BreadcrumbList","@id":"https:\/\/orbytune.com\/por-que-orbytune\/#breadcrumb","itemListElement":[{"@type":"ListItem","position":1,"name":"Portada","item":"https:\/\/orbytune.com\/"},{"@type":"ListItem","position":2,"name":"Por qu\u00e9 Orbytune"}]},{"@type":"WebSite","@id":"https:\/\/orbytune.com\/#website","url":"https:\/\/orbytune.com\/","name":"Orbytune","description":"","publisher":{"@id":"https:\/\/orbytune.com\/#organization"},"potentialAction":[{"@type":"SearchAction","target":{"@type":"EntryPoint","urlTemplate":"https:\/\/orbytune.com\/?s={search_term_string}"},"query-input":{"@type":"PropertyValueSpecification","valueRequired":true,"valueName":"search_term_string"}}],"inLanguage":"en-US"},{"@type":"Organization","@id":"https:\/\/orbytune.com\/#organization","name":"Orbytune","url":"https:\/\/orbytune.com\/","logo":{"@type":"ImageObject","inLanguage":"en-US","@id":"https:\/\/orbytune.com\/#\/schema\/logo\/image\/","url":"https:\/\/orbytune.com\/wp-content\/uploads\/2025\/12\/Orbytune-PNG-Transparete-e1767019100536.png","contentUrl":"https:\/\/orbytune.com\/wp-content\/uploads\/2025\/12\/Orbytune-PNG-Transparete-e1767019100536.png","width":1042,"height":210,"caption":"Orbytune"},"image":{"@id":"https:\/\/orbytune.com\/#\/schema\/logo\/image\/"}}]}},"_hostinger_reach_plugin_has_subscription_block":false,"_hostinger_reach_plugin_is_elementor":false,"_links":{"self":[{"href":"https:\/\/orbytune.com\/en\/wp-json\/wp\/v2\/pages\/2137","targetHints":{"allow":["GET"]}}],"collection":[{"href":"https:\/\/orbytune.com\/en\/wp-json\/wp\/v2\/pages"}],"about":[{"href":"https:\/\/orbytune.com\/en\/wp-json\/wp\/v2\/types\/page"}],"author":[{"embeddable":true,"href":"https:\/\/orbytune.com\/en\/wp-json\/wp\/v2\/users\/1"}],"replies":[{"embeddable":true,"href":"https:\/\/orbytune.com\/en\/wp-json\/wp\/v2\/comments?post=2137"}],"version-history":[{"count":40,"href":"https:\/\/orbytune.com\/en\/wp-json\/wp\/v2\/pages\/2137\/revisions"}],"predecessor-version":[{"id":2907,"href":"https:\/\/orbytune.com\/en\/wp-json\/wp\/v2\/pages\/2137\/revisions\/2907"}],"wp:attachment":[{"href":"https:\/\/orbytune.com\/en\/wp-json\/wp\/v2\/media?parent=2137"}],"curies":[{"name":"wp","href":"https:\/\/api.w.org\/{rel}","templated":true}]}}